{"id":1220,"date":"2018-04-23T15:36:06","date_gmt":"2018-04-23T13:36:06","guid":{"rendered":"http:\/\/www.addressvitt.it\/privacy-policy\/"},"modified":"2025-04-23T22:59:59","modified_gmt":"2025-04-23T20:59:59","slug":"privacy-policy","status":"publish","type":"page","link":"https:\/\/www.addressvitt.it\/en\/privacy-policy\/","title":{"rendered":"Privacy Policy &#8211; Contatti RPD"},"content":{"rendered":"<p><span style=\"font-weight: 400;\">Addressvit S.r.l. \u00e8 consapevole dell\u2019importanza della tutela dei dati personali. Per questo ti informiamo che tratteremo i dati personali acquisiti tramite la navigazione del nostro <\/span><span style=\"font-weight: 400;\">sito <\/span><a href=\"http:\/\/www.addressvitt.it\"><span style=\"font-weight: 400;\">www.addressvitt.it<\/span><\/a> <span style=\"font-weight: 400;\">(\u201c<\/span><b>Sito<\/b><span style=\"font-weight: 400;\">\u201d) nel rispetto della normativa in materia.\u00a0<\/span><\/p>\n<p><span style=\"font-weight: 400;\">Ai sensi dell\u2019art. 13 Regolamento (UE) n. 2016\/679 (\u201c<\/span><b>Regolamento<\/b><span style=\"font-weight: 400;\">\u201d), dunque, riportiamo le informazioni relative alle <\/span><b>modalit\u00e0 di gestione<\/b><span style=\"font-weight: 400;\"> e ai <\/span><b>trattamenti<\/b><span style=\"font-weight: 400;\"> dei dati correlati alla navigazione, riservandoci il diritto di modificarle previa comunicazione, anche tramite pubblicazione sul Sito.\u00a0<\/span><\/p>\n<p><span style=\"font-weight: 400;\">Per ogni attivit\u00e0 correlata agli ulteriori servizi offerti dal Sito, di contro, ti invitiamo a visitare le informative specifiche che troverai al momento in cui vorrai usufruire degli stessi.<\/span><\/p>\n<ol>\n<li><b> Titolare del Trattamento<\/b><\/li>\n<\/ol>\n<p><span style=\"font-weight: 400;\">Il titolare del trattamento dei dati che condividi a seguito della navigazione \u00e8 Addressvitt S.r.l (P.Iva 08160520154), con sede in Via Palladio, 12 \u2013 20135 Milano (\u201c<\/span><b>Addresvitt<\/b><span style=\"font-weight: 400;\">\u201d o \u201c<\/span><b>Noi<\/b><span style=\"font-weight: 400;\">\u201d). Qualora avessi dubbi in merito ai trattamenti, puoi contattarci all\u2019indirizzo di posta elettronica: <\/span><a href=\"mailto:info@addressvitt.com\"><span style=\"font-weight: 400;\">info@addressvitt.com<\/span><\/a><\/p>\n<p><b>2 Responsabile della protezione dei dati.<\/b><span style=\"font-weight: 400;\">\u00a0<\/span><\/p>\n<p><span style=\"font-weight: 400;\">Abbiamo nominato il &#8220;Responsabile della protezione dei dati&#8221; previsto dal Regolamento (c.d. &#8220;Data Protection Officer&#8221; o DPO). Per tutte le questioni relative al trattamento dei Vostri Dati Personali e\/o per esercitare i diritti previsti dal Regolamento stesso, elencati nella Sezione 9 della presente Informativa, Ti invitiamo a contattare il DPO al seguente indirizzo e-mail: <\/span><a href=\"mailto:dpo@addressvitt.com\"><span style=\"font-weight: 400;\">dpo@addressvitt.com<\/span><\/a><span style=\"font-weight: 400;\">.<\/span><\/p>\n<p><span style=\"font-weight: 400;\">\u00a0<\/span><\/p>\n<ol start=\"3\">\n<li><b> Tipi di dati raccolti, finalit\u00e0 e base giuridica del trattamento<\/b><\/li>\n<\/ol>\n<p><span style=\"font-weight: 400;\">Quando utilizzi il Sito, raccogliamo i tuoi seguenti dati (\u201c<\/span><b>Dati<\/b><span style=\"font-weight: 400;\">\u201d):<\/span><\/p>\n<p><i><span style=\"font-weight: 400;\">(i) Dati di navigazione<\/span><\/i><span style=\"font-weight: 400;\">: si tratta dei dati personali la cui trasmissione \u00e8 implicita nell\u2019uso dei protocolli di comunicazione di Internet e tra questi rienatrno gli indirizzi IP o i nomi a dominio dei terminali degli utenti che si connettono al sito, i MAC (Media Access Control) address, gli indirizzi in notazione URI (Uniform Resource Identifier) delle risorse richieste, l\u2019orario della richiesta, il metodo utilizzato nel sottoporre la richiesta al server, la dimensione del file ottenuto in risposta, il codice numerico indicante lo stato della risposta data dal server (buon fine, errore, ecc.) ed altri parametri relativi al sistema operativo e all\u2019ambiente informatico dell\u2019utente.\u00a0<\/span><\/p>\n<p><span style=\"font-weight: 400;\">Utilizzeremo tali dati per le seguenti finalit\u00e0:<\/span><\/p>\n<p><span style=\"font-weight: 400;\">&#8211; <\/span> <i><span style=\"font-weight: 400;\">ricavare informazioni statistiche anonime<\/span><\/i><span style=\"font-weight: 400;\"> sull\u2019uso del Sito e per controllarne il corretto funzionamento. I dati potrebbero essere utilizzati anche per l\u2019accertamento di responsabilit\u00e0 in caso di reati informatici ai danni del Sito. Base giuridica di tale trattamento \u00e8 l\u2019art. 6 (1)(b) del Regolamento, in quanto necessario a consentirti di fruire il servizio richiesto.\u00a0<\/span><\/p>\n<p><span style=\"font-weight: 400;\">&#8211;<\/span> <i><span style=\"font-weight: 400;\">adempiere ad obblighi di legge o richieste dell\u2019Autorit\u00e0 giudiziaria<\/span><\/i><span style=\"font-weight: 400;\">. Base giuridica di tale trattamento \u00e8 l\u2019art. 6 (1)(c) del Regolamento, in quanto necessario per adempiere un obbligo legale a cui siamo soggetti.<\/span><\/p>\n<p><i><span style=\"font-weight: 400;\">(ii) Dati da te volontariamente forniti<\/span><\/i><span style=\"font-weight: 400;\">: sono i dati che volontariamente condividi inviandoci messaggi di posta elettronica agli indirizzi presenti sul Sito, quali ad esempio il tuo indirizzo e-mail e gli ulteriori dati personali che inserirai nel messaggio.\u00a0<\/span><\/p>\n<p><span style=\"font-weight: 400;\">Utilizzeremo tali dati per le seguenti finalit\u00e0:<\/span><\/p>\n<p><span style=\"font-weight: 400;\">&#8211; <\/span> <i><span style=\"font-weight: 400;\">rispondere alle tue richieste<\/span><\/i><span style=\"font-weight: 400;\">. Base giuridica di tale trattamento \u00e8 l\u2019art. 6 (1) (b) del Regolamento, in quanto necessario a fornirti il servizio richiesto;\u00a0<\/span><\/p>\n<p><span style=\"font-weight: 400;\">&#8211; <\/span> <i><span style=\"font-weight: 400;\">adempiere a obblighi di legge<\/span><\/i><span style=\"font-weight: 400;\">. Base giuridica di tale trattamento \u00e8 l\u2019art. 6 (1) (c) del Regolamento, in quanto il \u00e8 necessario per adempiere un obbligo legale al quale siamo soggetti.<\/span><\/p>\n<p><i><span style=\"font-weight: 400;\">(iii) Cookie<\/span><\/i><span style=\"font-weight: 400;\">: per la definizione di <\/span><i><span style=\"font-weight: 400;\">cookie<\/span><\/i><span style=\"font-weight: 400;\"> e ogni ulteriore informazione in merito, ti invitiamo a consultare l\u2019apposita sezione del Sito, consultabile <\/span><a href=\"https:\/\/www.addressvitt.it\/en\/cookie-policy\/\"><span style=\"font-weight: 400;\">qui<\/span><\/a><span style=\"font-weight: 400;\">.<\/span><\/p>\n<ol start=\"4\">\n<li><b> Conservazione dei Dati<\/b><\/li>\n<\/ol>\n<p><span style=\"font-weight: 400;\">I nostri sistemi conservano i Dati di navigazione [di cui alla Sezione 2 (i)] per il tempo necessario a erogare il servizio e per i successivi di <\/span><span style=\"font-weight: 400;\">7 giorni<\/span><span style=\"font-weight: 400;\">. Al termine, i Dati sono automaticamente cancellati.<\/span><\/p>\n<p><span style=\"font-weight: 400;\">Conserviamo i Dati da te volontariamente forniti tramite gli strumenti messi a disposizione sul Sito (<\/span><i><span style=\"font-weight: 400;\">form<\/span><\/i><span style=\"font-weight: 400;\">, indirizzi <\/span><i><span style=\"font-weight: 400;\">e-mail<\/span><\/i><span style=\"font-weight: 400;\"> di contatto, ecc..) [di cui alla Sezione 2 (ii)] per il tempo necessario a fornirti un riscontro e comunque nel termine massimo di 6 mesi dall\u2019esaurimento di tale attivit\u00e0.<\/span><\/p>\n<ol start=\"5\">\n<li><b><\/b> <b>Modalit\u00e0 di trattamento<\/b><\/li>\n<\/ol>\n<p><span style=\"font-weight: 400;\">Trattiamo i Dati tramite personale autorizzato, con strumenti cartacei e automatizzati, tramite organizzazione in <\/span><i><span style=\"font-weight: 400;\">database<\/span><\/i><span style=\"font-weight: 400;\"> e memorizzazione su supporti idonei (tra cui quelli informatici e cartacei) e in assenza di processi decisionali automatizzati. Specifiche misure di sicurezza sono state adottate per prevenire la perdita dei Dati, eventuali usi illeciti o non corretti degli stessi e accessi da parte di terzi non autorizzati.<\/span><\/p>\n<ol start=\"6\">\n<li><b> Conferimento dei Dati\u00a0<\/b><\/li>\n<\/ol>\n<p><span style=\"font-weight: 400;\">Il conferimento dei Dati \u00e8:<\/span><\/p>\n<p><span style=\"font-weight: 400;\">&#8211; necessario per la navigazione; in mancanza, non sarebbe possibile navigare il Sito.<\/span><\/p>\n<p><span style=\"font-weight: 400;\">&#8211; facoltativo per ogni ulteriore servizio accessibile dando corso alla mera navigazione (come contattarci agli indirizzi presenti sui Sito); in mancanza, la sola conseguenza sar\u00e0 l\u2019impossibilit\u00e0 di usufruire degli stessi.<\/span><\/p>\n<ol start=\"7\">\n<li><b> Comunicazione dei Dati<\/b><\/li>\n<\/ol>\n<p><span style=\"font-weight: 400;\">Potremo comunicare i Dati a:\u00a0<\/span><\/p>\n<p><i><span style=\"font-weight: 400;\">(i)<\/span><\/i><span style=\"font-weight: 400;\"> soggetti a cui sia riconosciuta la facolt\u00e0 e l\u2019interesse di accedervi da norme di legge;\u00a0<\/span><\/p>\n<p><i><span style=\"font-weight: 400;\">(ii)<\/span><\/i><span style=\"font-weight: 400;\"> societ\u00e0, associazioni o studi professionali che prestino servizi ed attivit\u00e0 per nostro conto in qualit\u00e0 di Responsabili del Trattamento per l\u2019adempimento di obblighi di legge, nonch\u00e9 per ogni esigenza organizzativa ed amministrativa necessaria per fornire i servizi richiesti (\u201c<\/span><b>Responsabili<\/b><span style=\"font-weight: 400;\">\u201d). I nominativi dei Responsabili sono richiedibili ai recapiti indicati al punto 1.\u00a0<\/span><\/p>\n<p><span style=\"font-weight: 400;\">Resta inteso che non diffondiamo i Dati.<\/span><\/p>\n<ol start=\"8\">\n<li><b> Trasferimento dei dati fuori dallo Spazio economico europeo (SEE) o ad organizzazioni internazionali<\/b><\/li>\n<\/ol>\n<p><span style=\"font-weight: 400;\">Addressvitt non trasferisce i Dati in Paesi situati fuori dal SEE o a enti od organizzazioni internazionali.<\/span><\/p>\n<ol start=\"9\">\n<li><b> I tuoi diritti<\/b><\/li>\n<\/ol>\n<p><span style=\"font-weight: 400;\">Ti ricordiamo che puoi esercitare in ogni momento i diritti previsti dal Regolamento (articoli 15 e ss.), ossia:<\/span><\/p>\n<ul>\n<li style=\"list-style-type: none;\">\n<ul>\n<li style=\"font-weight: 400;\" aria-level=\"1\"><span style=\"font-weight: 400;\">richiedere informazioni su: <\/span><i><span style=\"font-weight: 400;\">(i)<\/span><\/i><span style=\"font-weight: 400;\"> origine dei Dati; <\/span><i><span style=\"font-weight: 400;\">(ii)<\/span><\/i><span style=\"font-weight: 400;\"> finalit\u00e0 e modalit\u00e0 del trattamento; <\/span><i><span style=\"font-weight: 400;\">(iii)<\/span><\/i><span style=\"font-weight: 400;\"> logica applicata in caso di uso di strumenti elettronici; <\/span><i><span style=\"font-weight: 400;\">(iv)<\/span><\/i><span style=\"font-weight: 400;\"> Responsabili del trattamento coinvolti.<\/span><\/li>\n<li style=\"font-weight: 400;\" aria-level=\"1\"><span style=\"font-weight: 400;\">ottenere: <\/span><i><span style=\"font-weight: 400;\">(i)<\/span><\/i><span style=\"font-weight: 400;\"> l\u2019accesso, l\u2019aggiornamento, la rettifica o l\u2019integrazione dei Dati;<\/span><i><span style=\"font-weight: 400;\"> (ii)<\/span><\/i><span style=\"font-weight: 400;\"> la cancellazione, la trasformazione in forma anonima o il blocco dei Dati trattati in violazione di legge; <\/span><i><span style=\"font-weight: 400;\">(iii)<\/span><\/i><span style=\"font-weight: 400;\"> la limitazione del trattamento dei Dati; <\/span><i><span style=\"font-weight: 400;\">(iv)<\/span><\/i><span style=\"font-weight: 400;\"> la copia dei Dati in formato standard;<\/span><\/li>\n<\/ul>\n<\/li>\n<\/ul>\n<ul>\n<li aria-level=\"1\"><b>opporti nei casi previsti dall\u2019art. 21 del Regolamento ai trattamenti da noi eventualmente svolti<\/b><\/li>\n<\/ul>\n<ul>\n<li style=\"font-weight: 400;\" aria-level=\"1\"><span style=\"font-weight: 400;\">revocare, in qualsiasi momento, il consenso da te eventualmente prestato e sulla base del quale \u00e8 avvenuto il trattamento, senza pregiudicare la liceit\u00e0 del trattamento basata sul consenso prestato prima della revoca.\u00a0<\/span><\/li>\n<\/ul>\n<p><span style=\"font-weight: 400;\">A tal fine ti invitiamo a contattarci all\u2019indirizzo <\/span><a href=\"mailto:dpo@addressvitt.com\"><span style=\"font-weight: 400;\">dpo@addressvitt.com<\/span><\/a><span style=\"font-weight: 400;\"> specificando il diritto che intendi azionare.<\/span><\/p>\n<p><span style=\"font-weight: 400;\">Inoltre, qualora ritenessi che il trattamento dei Dati violi la normativa, avrai il diritto di proporre reclamo all\u2019autorit\u00e0 di controllo dello Stato membro in cui risiedi abitualmente o lavori oppure del luogo ove si \u00e8 verificata la presunta violazione. L\u2019Autorit\u00e0 di controllo italiana pu\u00f2 essere raggiunta ai recapiti presenti sul proprio sito web: <\/span><a href=\"http:\/\/www.gpdp.it\"><span style=\"font-weight: 400;\">www.gpdp.it<\/span><\/a><span style=\"font-weight: 400;\">.<\/span><\/p>\n","protected":false},"excerpt":{"rendered":"<p>Addressvit S.r.l. \u00e8 consapevole dell\u2019importanza della tutela dei dati personali. Per questo ti informiamo che tratteremo i dati personali acquisiti<\/p>\n","protected":false},"author":10,"featured_media":0,"parent":0,"menu_order":0,"comment_status":"closed","ping_status":"closed","template":"template-page-static.php","meta":{"_acf_changed":false,"footnotes":""},"class_list":["post-1220","page","type-page","status-publish","hentry"],"acf":[],"yoast_head":"<!-- This site is optimized with the Yoast SEO plugin v27.6 - https:\/\/yoast.com\/product\/yoast-seo-wordpress\/ -->\n<title>Privacy Policy - Contatti RPD - Addressvitt<\/title>\n<meta name=\"description\" content=\"Privacy policy Addressvitt\" \/>\n<meta name=\"robots\" content=\"index, follow, max-snippet:-1, max-image-preview:large, max-video-preview:-1\" \/>\n<link rel=\"canonical\" href=\"https:\/\/www.addressvitt.it\/en\/privacy-policy\/\" \/>\n<meta property=\"og:locale\" content=\"en_US\" \/>\n<meta property=\"og:type\" content=\"article\" \/>\n<meta property=\"og:title\" content=\"Privacy Policy - Contatti RPD - Addressvitt\" \/>\n<meta property=\"og:description\" content=\"Privacy policy Addressvitt\" \/>\n<meta property=\"og:url\" content=\"https:\/\/www.addressvitt.it\/en\/privacy-policy\/\" \/>\n<meta property=\"og:site_name\" content=\"Addressvitt\" \/>\n<meta property=\"article:modified_time\" content=\"2025-04-23T20:59:59+00:00\" \/>\n<meta name=\"twitter:card\" content=\"summary_large_image\" \/>\n<meta name=\"twitter:label1\" content=\"Est. reading time\" \/>\n\t<meta name=\"twitter:data1\" content=\"6 minutes\" \/>\n<script type=\"application\/ld+json\" class=\"yoast-schema-graph\">{\"@context\":\"https:\\\/\\\/schema.org\",\"@graph\":[{\"@type\":\"WebPage\",\"@id\":\"https:\\\/\\\/www.addressvitt.it\\\/en\\\/privacy-policy\\\/\",\"url\":\"https:\\\/\\\/www.addressvitt.it\\\/en\\\/privacy-policy\\\/\",\"name\":\"Privacy Policy - Contatti RPD - Addressvitt\",\"isPartOf\":{\"@id\":\"https:\\\/\\\/www.addressvitt.it\\\/en\\\/#website\"},\"datePublished\":\"2018-04-23T13:36:06+00:00\",\"dateModified\":\"2025-04-23T20:59:59+00:00\",\"description\":\"Privacy policy Addressvitt\",\"breadcrumb\":{\"@id\":\"https:\\\/\\\/www.addressvitt.it\\\/en\\\/privacy-policy\\\/#breadcrumb\"},\"inLanguage\":\"en-US\",\"potentialAction\":[{\"@type\":\"ReadAction\",\"target\":[\"https:\\\/\\\/www.addressvitt.it\\\/en\\\/privacy-policy\\\/\"]}]},{\"@type\":\"BreadcrumbList\",\"@id\":\"https:\\\/\\\/www.addressvitt.it\\\/en\\\/privacy-policy\\\/#breadcrumb\",\"itemListElement\":[{\"@type\":\"ListItem\",\"position\":1,\"name\":\"Home\",\"item\":\"https:\\\/\\\/www.addressvitt.it\\\/en\\\/\"},{\"@type\":\"ListItem\",\"position\":2,\"name\":\"Privacy Policy &#8211; Contatti RPD\"}]},{\"@type\":\"WebSite\",\"@id\":\"https:\\\/\\\/www.addressvitt.it\\\/en\\\/#website\",\"url\":\"https:\\\/\\\/www.addressvitt.it\\\/en\\\/\",\"name\":\"Addressvitt\",\"description\":\"Indirizzi Aziende e Privati per Servizi di Direct Marketing\",\"publisher\":{\"@id\":\"https:\\\/\\\/www.addressvitt.it\\\/en\\\/#organization\"},\"potentialAction\":[{\"@type\":\"SearchAction\",\"target\":{\"@type\":\"EntryPoint\",\"urlTemplate\":\"https:\\\/\\\/www.addressvitt.it\\\/en\\\/?s={search_term_string}\"},\"query-input\":{\"@type\":\"PropertyValueSpecification\",\"valueRequired\":true,\"valueName\":\"search_term_string\"}}],\"inLanguage\":\"en-US\"},{\"@type\":\"Organization\",\"@id\":\"https:\\\/\\\/www.addressvitt.it\\\/en\\\/#organization\",\"name\":\"Addressvitt\",\"url\":\"https:\\\/\\\/www.addressvitt.it\\\/en\\\/\",\"logo\":{\"@type\":\"ImageObject\",\"inLanguage\":\"en-US\",\"@id\":\"https:\\\/\\\/www.addressvitt.it\\\/en\\\/#\\\/schema\\\/logo\\\/image\\\/\",\"url\":\"https:\\\/\\\/www.addressvitt.it\\\/wp-content\\\/uploads\\\/2018\\\/03\\\/logo-1.png\",\"contentUrl\":\"https:\\\/\\\/www.addressvitt.it\\\/wp-content\\\/uploads\\\/2018\\\/03\\\/logo-1.png\",\"width\":221,\"height\":22,\"caption\":\"Addressvitt\"},\"image\":{\"@id\":\"https:\\\/\\\/www.addressvitt.it\\\/en\\\/#\\\/schema\\\/logo\\\/image\\\/\"}}]}<\/script>\n<!-- \/ Yoast SEO plugin. -->","yoast_head_json":{"title":"Privacy Policy - Contatti RPD - Addressvitt","description":"Privacy policy Addressvitt","robots":{"index":"index","follow":"follow","max-snippet":"max-snippet:-1","max-image-preview":"max-image-preview:large","max-video-preview":"max-video-preview:-1"},"canonical":"https:\/\/www.addressvitt.it\/en\/privacy-policy\/","og_locale":"en_US","og_type":"article","og_title":"Privacy Policy - Contatti RPD - Addressvitt","og_description":"Privacy policy Addressvitt","og_url":"https:\/\/www.addressvitt.it\/en\/privacy-policy\/","og_site_name":"Addressvitt","article_modified_time":"2025-04-23T20:59:59+00:00","twitter_card":"summary_large_image","twitter_misc":{"Est. reading time":"6 minutes"},"schema":{"@context":"https:\/\/schema.org","@graph":[{"@type":"WebPage","@id":"https:\/\/www.addressvitt.it\/en\/privacy-policy\/","url":"https:\/\/www.addressvitt.it\/en\/privacy-policy\/","name":"Privacy Policy - Contatti RPD - Addressvitt","isPartOf":{"@id":"https:\/\/www.addressvitt.it\/en\/#website"},"datePublished":"2018-04-23T13:36:06+00:00","dateModified":"2025-04-23T20:59:59+00:00","description":"Privacy policy Addressvitt","breadcrumb":{"@id":"https:\/\/www.addressvitt.it\/en\/privacy-policy\/#breadcrumb"},"inLanguage":"en-US","potentialAction":[{"@type":"ReadAction","target":["https:\/\/www.addressvitt.it\/en\/privacy-policy\/"]}]},{"@type":"BreadcrumbList","@id":"https:\/\/www.addressvitt.it\/en\/privacy-policy\/#breadcrumb","itemListElement":[{"@type":"ListItem","position":1,"name":"Home","item":"https:\/\/www.addressvitt.it\/en\/"},{"@type":"ListItem","position":2,"name":"Privacy Policy &#8211; Contatti RPD"}]},{"@type":"WebSite","@id":"https:\/\/www.addressvitt.it\/en\/#website","url":"https:\/\/www.addressvitt.it\/en\/","name":"Addressvitt","description":"Indirizzi Aziende e Privati per Servizi di Direct Marketing","publisher":{"@id":"https:\/\/www.addressvitt.it\/en\/#organization"},"potentialAction":[{"@type":"SearchAction","target":{"@type":"EntryPoint","urlTemplate":"https:\/\/www.addressvitt.it\/en\/?s={search_term_string}"},"query-input":{"@type":"PropertyValueSpecification","valueRequired":true,"valueName":"search_term_string"}}],"inLanguage":"en-US"},{"@type":"Organization","@id":"https:\/\/www.addressvitt.it\/en\/#organization","name":"Addressvitt","url":"https:\/\/www.addressvitt.it\/en\/","logo":{"@type":"ImageObject","inLanguage":"en-US","@id":"https:\/\/www.addressvitt.it\/en\/#\/schema\/logo\/image\/","url":"https:\/\/www.addressvitt.it\/wp-content\/uploads\/2018\/03\/logo-1.png","contentUrl":"https:\/\/www.addressvitt.it\/wp-content\/uploads\/2018\/03\/logo-1.png","width":221,"height":22,"caption":"Addressvitt"},"image":{"@id":"https:\/\/www.addressvitt.it\/en\/#\/schema\/logo\/image\/"}}]}},"_links":{"self":[{"href":"https:\/\/www.addressvitt.it\/en\/wp-json\/wp\/v2\/pages\/1220","targetHints":{"allow":["GET"]}}],"collection":[{"href":"https:\/\/www.addressvitt.it\/en\/wp-json\/wp\/v2\/pages"}],"about":[{"href":"https:\/\/www.addressvitt.it\/en\/wp-json\/wp\/v2\/types\/page"}],"author":[{"embeddable":true,"href":"https:\/\/www.addressvitt.it\/en\/wp-json\/wp\/v2\/users\/10"}],"replies":[{"embeddable":true,"href":"https:\/\/www.addressvitt.it\/en\/wp-json\/wp\/v2\/comments?post=1220"}],"version-history":[{"count":11,"href":"https:\/\/www.addressvitt.it\/en\/wp-json\/wp\/v2\/pages\/1220\/revisions"}],"predecessor-version":[{"id":2230,"href":"https:\/\/www.addressvitt.it\/en\/wp-json\/wp\/v2\/pages\/1220\/revisions\/2230"}],"wp:attachment":[{"href":"https:\/\/www.addressvitt.it\/en\/wp-json\/wp\/v2\/media?parent=1220"}],"curies":[{"name":"wp","href":"https:\/\/api.w.org\/{rel}","templated":true}]}}