{"id":1217,"date":"2018-04-23T18:46:22","date_gmt":"2018-04-23T16:46:22","guid":{"rendered":"http:\/\/www.addressvitt.it\/cookie-policy\/"},"modified":"2025-04-23T23:08:56","modified_gmt":"2025-04-23T21:08:56","slug":"cookie-policy","status":"publish","type":"page","link":"https:\/\/www.addressvitt.it\/en\/cookie-policy\/","title":{"rendered":"Cookie Policy"},"content":{"rendered":"<p style=\"font-weight: 400;\"><em>Ultimo aggiornamento: marzo 2025<\/em><\/p>\n<p><span style=\"font-weight: 400;\">\u00a0\u00a0<\/span><\/p>\n<p><span style=\"font-weight: 400;\">Addressvit S.r.l. \u00e8 consapevole dell\u2019importanza della tutela dei dati personali. Per questo desideriamo informarti che tratteremo nel rispetto della normativa in materia i dati personali acquisiti tramite i <\/span><i><span style=\"font-weight: 400;\">cookie<\/span><\/i><span style=\"font-weight: 400;\"> utilizzati dal nostro <\/span><span style=\"font-weight: 400;\">sito <\/span><a href=\"http:\/\/www.addressvitt.it\"><span style=\"font-weight: 400;\">www.addressvitt.it<\/span><\/a> <span style=\"font-weight: 400;\">(\u201c<\/span><b>Sito<\/b><span style=\"font-weight: 400;\">\u201d) durante la navigazione.\u00a0<\/span><\/p>\n<p><span style=\"font-weight: 400;\">Ti ricordiamo, infatti, che i <\/span><i><span style=\"font-weight: 400;\">cookie<\/span><\/i><span style=\"font-weight: 400;\"> sono stringhe di testo di piccole dimensioni che i siti da te visitati inviano al tuo terminale (solitamente al <\/span><i><span style=\"font-weight: 400;\">browser<\/span><\/i><span style=\"font-weight: 400;\">) per essere memorizzati e poi ritrasmessi alla successiva tua visita per diverse finalit\u00e0. I cookie possono essere di prima parte (se raccolti direttamente dal titolare del sito) o di terza parte (se raccolti da soggetti terzi).\u00a0<\/span><\/p>\n<p><span style=\"font-weight: 400;\">Ai sensi dell\u2019art. 13 Regolamento (UE) n. 2016\/679 (\u201c<\/span><b>Regolamento<\/b><span style=\"font-weight: 400;\">\u201d), dunque, riportiamo le informazioni relative alle <\/span><b>modalit\u00e0 di gestione<\/b><span style=\"font-weight: 400;\"> e ai <\/span><b>trattamenti<\/b><span style=\"font-weight: 400;\"> dei dati correlati all\u2019uso dei <\/span><i><span style=\"font-weight: 400;\">cookie<\/span><\/i><span style=\"font-weight: 400;\">, riservandoci il diritto di modificarle previa comunicazione, anche tramite pubblicazione sul Sito.\u00a0<\/span><\/p>\n<ol>\n<li><b> Titolare del Trattamento<\/b><\/li>\n<\/ol>\n<p><span style=\"font-weight: 400;\">Il titolare del trattamento dei dati acquisiti dai cookie di prima parte \u00e8 Addressvitt S.r.l (P.Iva 08160520154), con sede in Via Palladio, 12 \u2013 20135 Milano (\u201c<\/span><b>Addresvitt<\/b><span style=\"font-weight: 400;\">\u201d o \u201c<\/span><b>Noi<\/b><span style=\"font-weight: 400;\">\u201d). Qualora avessi dubbi in merito ai trattamenti, puoi contattarci all\u2019indirizzo di posta elettronica: <\/span><a href=\"mailto:info@addressvitt.com\"><span style=\"font-weight: 400;\">info@addressvitt.com<\/span><\/a><\/p>\n<p><span style=\"font-weight: 400;\">I titolari del trattamento dei dati acquisiti dai cookie di terza parte sono i soggetti a cui gli stessi fanno riferimento.<\/span><\/p>\n<ol start=\"2\">\n<li><b> Responsabile della protezione dei dati.<\/b><\/li>\n<\/ol>\n<p><span style=\"font-weight: 400;\">Abbiamo nominato il &#8220;Responsabile della protezione dei dati&#8221; previsto dal Regolamento (c.d. &#8220;Data Protection Officer&#8221; o DPO). Per tutte le questioni relative al trattamento dei Vostri Dati Personali e\/o per esercitare i diritti previsti dal Regolamento stesso, elencati nella Sezione 9 della presente Informativa, Ti invitiamo a contattare il DPO al seguente indirizzo e-mail: <\/span><a href=\"mailto:dpo@addressvitt.com\"><span style=\"font-weight: 400;\">dpo@addressvitt.com<\/span><\/a><span style=\"font-weight: 400;\">.<\/span><\/p>\n<p><span style=\"font-weight: 400;\">\u00a0<\/span><\/p>\n<ol start=\"3\">\n<li><b> Cookie utilizzati dal Sito, finalit\u00e0 e base giuridica del trattamento<\/b><\/li>\n<\/ol>\n<p><span style=\"font-weight: 400;\">Il nostro Sito utilizza:<\/span><\/p>\n<ul>\n<li style=\"font-weight: 400;\" aria-level=\"1\"><i><span style=\"font-weight: 400;\">cookie <\/span><\/i><span style=\"font-weight: 400;\">tecnici<\/span><span style=\"font-weight: 400;\">: agevolano la navigazione del sito o la prestazione di un servizio richiesto dall&#8217;utente. Non sono utilizzati per scopi ulteriori.<\/span><\/li>\n<\/ul>\n<p><span style=\"font-weight: 400;\">Base giuridica di tale trattamento \u00e8 l\u2019art. 6 (1)(b) del Regolamento, in quanto ti consente di fruire del servizio richiesto.<\/span><\/p>\n<ul>\n<li style=\"font-weight: 400;\" aria-level=\"1\"><i><span style=\"font-weight: 400;\">cookie<\/span><\/i><span style=\"font-weight: 400;\"> analitici<\/span><span style=\"font-weight: 400;\">: ottimizzano l\u2019utilizzo del sito. I cookie analitici sono assimilati ai <\/span><i><span style=\"font-weight: 400;\">cookie<\/span><\/i><span style=\"font-weight: 400;\"> tecnici laddove utilizzati direttamente dal gestore del Sito (e dunque Noi) per raccogliere informazioni, in forma aggregata, sul numero degli utenti e su come questi visitano il Sito stesso.<\/span><\/li>\n<\/ul>\n<p><span style=\"font-weight: 400;\">Base giuridica di tale trattamento \u00e8 l\u2019art. 6 (1)(b) del Regolamento, in quanto ti consentono di fruire del servizio richiesto.<\/span><\/p>\n<ul>\n<li style=\"font-weight: 400;\" aria-level=\"1\"><span style=\"font-weight: 400;\">cookie di profilazione<\/span><span style=\"font-weight: 400;\">: permettono di creare profili relativi alla Tua persona a seguito di osservazione dei Tuoi comportamenti; sono utilizzati al fine di inviarti messaggi pubblicitari in linea con le Tue preferenze cos\u00ec come manifestate nell&#8217;ambito della navigazione in rete. Lo svolgimento di tale elaborazione non comporta in alcun caso discriminazioni o effetti negativi.\u00a0<\/span><\/li>\n<\/ul>\n<p><span style=\"font-weight: 400;\">Base giuridica di tale trattamento \u00e8 l\u2019art. 6 (1)(a) del Regolamento, se e in quanto hai espresso il consenso<\/span><\/p>\n<p>Utilizziamo cookie di tipologie differenti &#8211; con specifiche funzioni &#8211; che possiamo cos\u00ec classificare:<\/p>\n<table style=\"font-weight: 400;\" width=\"100%\">\n<tbody>\n<tr>\n<th colspan=\"2\">COOKIE DI PRIMA PARTE, OSSIA RILASCIATI ADDRESSVITT.IT<\/th>\n<\/tr>\n<tr>\n<th width=\"20%\">TIPOLOGIA DI COOKIE<\/th>\n<th>CHE COSA FANNO?<\/th>\n<\/tr>\n<tr>\n<td>Tecnici\/consenso<br \/>\n(Per rilasciare questo tipo di cookie non \u00e8 necessario il consenso dell\u2019utente)<\/td>\n<td>Questo cookie tiene traccia del consenso prestato dall\u2019utente all\u2019utilizzo dei cookie su questo sito, in modo da non riproporre \u2013 nelle successive visite \u2013 l\u2019informativa breve sui cookie e la richiesta di prestare il consenso.<\/td>\n<\/tr>\n<tr>\n<td>Tecnici\/di sessione<\/td>\n<td>Sono indispensabili per il corretto funzionamento del nostro sito e consentono all\u2019utente di navigare e di visualizzare i contenuti. Una loro eventuale disattivazione comporterebbe malfunzionamenti del sito.<\/td>\n<\/tr>\n<tr>\n<td>Tecnici\/di navigazione<br \/>\n(Per rilasciare questo tipo di cookie non \u00e8 necessario il consenso dell\u2019utente)<\/td>\n<td>In genere, cookie di questo tipo sono necessari, ad esempio, per mantenere aperta una sessione di navigazione o per consentire all\u2019utente di accedere ad eventuali aree riservate. O ancora, possono ricordare temporaneamente i testi inseriti durante la compilazione di un modulo, quando si torna ad una pagina precedente nel corso della medesima sessione.<\/td>\n<\/tr>\n<tr>\n<th colspan=\"2\">COOKIE DI TERZE PARTI, OSSIA RILASCIATI DA SITI DIVERSI RISPETTO A ADDRESSVITT.IT<\/th>\n<\/tr>\n<tr>\n<th width=\"20%\">TIPOLOGIA DI COOKIE<\/th>\n<th>CHE COSA FANNO?<\/th>\n<\/tr>\n<tr>\n<td>Statistici\/di analytics<br \/>\n(Per rilasciare questo tipo di cookie \u00e8 necessario il consenso dell\u2019utente)<\/td>\n<td>Sono utilizzati per raccogliere informazioni sulle modalit\u00e0 di navigazione degli utenti sul nostro sito. Queste informazioni vengono analizzate in forma aggregata per soli fini statistici.<br \/>\nNon sono necessari, ma sono per noi di grande aiuto per consentirci di migliorare i nostri contenuti ed i nostri servizi in base alle indicazioni che ricaviamo dall\u2019analisi delle statistiche.<\/td>\n<\/tr>\n<tr>\n<td>Profilazione\/di pubblicit\u00e0\/social<br \/>\n(Per rilasciare questo tipo di cookie \u00e8 necessario il consenso dell\u2019utente)<\/td>\n<td>Sono indispensabili per il corretto funzionamento del nostro sito e consentono all\u2019utente di navigare e di visualizzare i contenuti. Una loro eventuale disattivazione comporterebbe malfunzionamenti del sito.<\/td>\n<\/tr>\n<\/tbody>\n<\/table>\n<p><span style=\"font-weight: 400;\">Disabilitazione dei <\/span><i><span style=\"font-weight: 400;\">cookie<\/span><\/i><i><span style=\"font-weight: 400;\">.<\/span><\/i><\/p>\n<p><span style=\"font-weight: 400;\">Tutti i moderni <\/span><i><span style=\"font-weight: 400;\">browser<\/span><\/i><span style=\"font-weight: 400;\"> consentono agli utenti di decidere se bloccare l\u2019installazione di <\/span><i><span style=\"font-weight: 400;\">cookie<\/span><\/i><span style=\"font-weight: 400;\"> sul proprio terminale e di cancellare quelli gi\u00e0 installati. Consulta, dunque, le impostazioni del tuo dispositivo per definire le tue preferenze in materia di <\/span><i><span style=\"font-weight: 400;\">cookie <\/span><\/i><span style=\"font-weight: 400;\">ma ricorda che disattivando i <\/span><i><span style=\"font-weight: 400;\">cookie<\/span><\/i><span style=\"font-weight: 400;\"> dal Tuo <\/span><i><span style=\"font-weight: 400;\">brower<\/span><\/i><span style=\"font-weight: 400;\">,<\/span> <span style=\"font-weight: 400;\">la navigazione su internet (e dunque anche sul Sito) potrebbe risultare difficoltosa o addirittura impossibile.<\/span><\/p>\n<p><span style=\"font-weight: 400;\">In alternativa puoi visitare il sito <\/span><a href=\"https:\/\/www.youronlinechoices.com\/\"><span style=\"font-weight: 400;\">Your Online Choices<\/span><\/a><span style=\"font-weight: 400;\"> per gestire le preferenze di tracciamento della maggior parte degli strumenti pubblicitari.\u00a0<\/span><\/p>\n<ol start=\"4\">\n<li><b> Conservazione dei Dati<\/b><\/li>\n<\/ol>\n<p><span style=\"font-weight: 400;\">I <\/span><i><span style=\"font-weight: 400;\">cookie<\/span><\/i><span style=\"font-weight: 400;\"> installati attraverso il Sito sono temporanei e si cancellano automaticamente alle scadenze indicate nella presente informativa.<\/span><\/p>\n<ol start=\"5\">\n<li><b> Modalit\u00e0 di trattamento<\/b><\/li>\n<\/ol>\n<p><span style=\"font-weight: 400;\">Trattiamo i Dati tramite personale autorizzato, con strumenti cartacei e automatizzati, tramite organizzazione in <\/span><i><span style=\"font-weight: 400;\">database<\/span><\/i><span style=\"font-weight: 400;\"> e memorizzazione su supporti idonei (tra cui quelli informatici e cartacei) e in assenza di processi decisionali automatizzati. Specifiche misure di sicurezza sono state adottate per prevenire la perdita dei Dati, eventuali usi illeciti o non corretti degli stessi e accessi da parte di terzi non autorizzati.<\/span><\/p>\n<ol start=\"6\">\n<li><b> Conferimento dei Dati\u00a0<\/b><\/li>\n<\/ol>\n<p><span style=\"font-weight: 400;\">L\u2019installazione di <\/span><i><span style=\"font-weight: 400;\">cookie<\/span><\/i><span style=\"font-weight: 400;\"> diversi da quelli meramente tecnici \u00e8 facoltativa; in difetto, non ci saranno conseguenze.<\/span><\/p>\n<ol start=\"7\">\n<li><b> Comunicazione dei Dati<\/b><\/li>\n<\/ol>\n<p><span style=\"font-weight: 400;\">Potremo comunicare i Dati a:\u00a0<\/span><\/p>\n<p><i><span style=\"font-weight: 400;\">(i)<\/span><\/i><span style=\"font-weight: 400;\"> soggetti a cui sia riconosciuta la facolt\u00e0 e l\u2019interesse di accedervi da norme di legge;\u00a0<\/span><\/p>\n<p><i><span style=\"font-weight: 400;\">(ii)<\/span><\/i><span style=\"font-weight: 400;\"> societ\u00e0, associazioni o studi professionali che prestino servizi ed attivit\u00e0 per nostro conto in qualit\u00e0 di Responsabili del Trattamento per l\u2019adempimento di obblighi di legge, nonch\u00e9 per ogni esigenza organizzativa ed amministrativa necessaria per fornire i servizi richiesti (\u201c<\/span><b>Responsabili<\/b><span style=\"font-weight: 400;\">\u201d). I nominativi dei Responsabili sono richiedibili ai recapiti indicati al punto 1.\u00a0<\/span><\/p>\n<p><span style=\"font-weight: 400;\">Resta inteso che non diffondiamo i Dati.<\/span><\/p>\n<ol start=\"8\">\n<li><b> Trasferimento dei dati fuori dallo Spazio economico europeo (SEE) o ad organizzazioni internazionali<\/b><\/li>\n<\/ol>\n<p><span style=\"font-weight: 400;\">Addressvitt non trasferisce i Dati in Paesi situati fuori dal SEE o a enti od organizzazioni internazionali.<\/span><\/p>\n<ol start=\"9\">\n<li><b> I tuoi diritti<\/b><\/li>\n<\/ol>\n<p><span style=\"font-weight: 400;\">Ti ricordiamo che puoi esercitare in ogni momento i diritti previsti dal Regolamento (articoli 15 e ss.), ossia:<\/span><\/p>\n<ul>\n<li style=\"list-style-type: none;\">\n<ul>\n<li style=\"font-weight: 400;\" aria-level=\"1\"><span style=\"font-weight: 400;\">richiedere informazioni su: <\/span><i><span style=\"font-weight: 400;\">(i)<\/span><\/i><span style=\"font-weight: 400;\"> origine dei Dati; <\/span><i><span style=\"font-weight: 400;\">(ii)<\/span><\/i><span style=\"font-weight: 400;\"> finalit\u00e0 e modalit\u00e0 del trattamento; <\/span><i><span style=\"font-weight: 400;\">(iii)<\/span><\/i><span style=\"font-weight: 400;\"> logica applicata in caso di uso di strumenti elettronici; <\/span><i><span style=\"font-weight: 400;\">(iv)<\/span><\/i><span style=\"font-weight: 400;\"> Responsabili del trattamento coinvolti.<\/span><\/li>\n<li style=\"font-weight: 400;\" aria-level=\"1\"><span style=\"font-weight: 400;\">ottenere: <\/span><i><span style=\"font-weight: 400;\">(i)<\/span><\/i><span style=\"font-weight: 400;\"> l\u2019accesso, l\u2019aggiornamento, la rettifica o l\u2019integrazione dei Dati;<\/span><i><span style=\"font-weight: 400;\"> (ii)<\/span><\/i><span style=\"font-weight: 400;\"> la cancellazione, la trasformazione in forma anonima o il blocco dei Dati trattati in violazione di legge; <\/span><i><span style=\"font-weight: 400;\">(iii)<\/span><\/i><span style=\"font-weight: 400;\"> la limitazione del trattamento dei Dati; <\/span><i><span style=\"font-weight: 400;\">(iv)<\/span><\/i><span style=\"font-weight: 400;\"> la copia dei Dati in formato standard;<\/span><\/li>\n<\/ul>\n<\/li>\n<\/ul>\n<ul>\n<li aria-level=\"1\"><b>opporti nei casi previsti dall\u2019art. 21 del Regolamento ai trattamenti da noi eventualmente svolti<\/b><\/li>\n<\/ul>\n<ul>\n<li style=\"font-weight: 400;\" aria-level=\"1\"><span style=\"font-weight: 400;\">revocare, in qualsiasi momento, il consenso da te eventualmente prestato e sulla base del quale \u00e8 avvenuto il trattamento, senza pregiudicare la liceit\u00e0 del trattamento basata sul consenso prestato prima della revoca.\u00a0<\/span><\/li>\n<\/ul>\n<p><span style=\"font-weight: 400;\">A tal fine ti invitiamo a contattarci all\u2019indirizzo <\/span><a href=\"mailto:dpo@addressvitt.com\"><span style=\"font-weight: 400;\">dpo@addressvitt.com<\/span><\/a><span style=\"font-weight: 400;\"> specificando il diritto che intendi azionare.<\/span><\/p>\n<p><span style=\"font-weight: 400;\">Inoltre, qualora ritenessi che il trattamento dei Dati violi la normativa, avrai il diritto di proporre reclamo all\u2019autorit\u00e0 di controllo dello Stato membro in cui risiedi abitualmente o lavori oppure del luogo ove si \u00e8 verificata la presunta violazione. L\u2019Autorit\u00e0 di controllo italiana pu\u00f2 essere raggiunta ai recapiti presenti sul proprio sito web: <\/span><a href=\"http:\/\/www.gpdp.it\"><span style=\"font-weight: 400;\">www.gpdp.it<\/span><\/a><span style=\"font-weight: 400;\">.<\/span><\/p>\n","protected":false},"excerpt":{"rendered":"<p>Ultimo aggiornamento: marzo 2025 \u00a0\u00a0 Addressvit S.r.l. \u00e8 consapevole dell\u2019importanza della tutela dei dati personali. Per questo desideriamo informarti che<\/p>\n","protected":false},"author":10,"featured_media":0,"parent":0,"menu_order":0,"comment_status":"closed","ping_status":"closed","template":"template-page-static.php","meta":{"_acf_changed":false,"footnotes":""},"class_list":["post-1217","page","type-page","status-publish","hentry"],"acf":[],"yoast_head":"<!-- This site is optimized with the Yoast SEO plugin v27.6 - https:\/\/yoast.com\/product\/yoast-seo-wordpress\/ -->\n<title>Cookie Policy - Addressvitt<\/title>\n<meta name=\"description\" content=\"Cookie policy e informativa privacy Addressvitt\" \/>\n<meta name=\"robots\" content=\"index, follow, max-snippet:-1, max-image-preview:large, max-video-preview:-1\" \/>\n<link rel=\"canonical\" href=\"https:\/\/www.addressvitt.it\/en\/cookie-policy\/\" \/>\n<meta property=\"og:locale\" content=\"en_US\" \/>\n<meta property=\"og:type\" content=\"article\" \/>\n<meta property=\"og:title\" content=\"Cookie Policy - Addressvitt\" \/>\n<meta property=\"og:description\" content=\"Cookie policy e informativa privacy Addressvitt\" \/>\n<meta property=\"og:url\" content=\"https:\/\/www.addressvitt.it\/en\/cookie-policy\/\" \/>\n<meta property=\"og:site_name\" content=\"Addressvitt\" \/>\n<meta property=\"article:modified_time\" content=\"2025-04-23T21:08:56+00:00\" \/>\n<meta name=\"twitter:card\" content=\"summary_large_image\" \/>\n<meta name=\"twitter:label1\" content=\"Est. reading time\" \/>\n\t<meta name=\"twitter:data1\" content=\"7 minutes\" \/>\n<script type=\"application\/ld+json\" class=\"yoast-schema-graph\">{\"@context\":\"https:\\\/\\\/schema.org\",\"@graph\":[{\"@type\":\"WebPage\",\"@id\":\"https:\\\/\\\/www.addressvitt.it\\\/en\\\/cookie-policy\\\/\",\"url\":\"https:\\\/\\\/www.addressvitt.it\\\/en\\\/cookie-policy\\\/\",\"name\":\"Cookie Policy - Addressvitt\",\"isPartOf\":{\"@id\":\"https:\\\/\\\/www.addressvitt.it\\\/en\\\/#website\"},\"datePublished\":\"2018-04-23T16:46:22+00:00\",\"dateModified\":\"2025-04-23T21:08:56+00:00\",\"description\":\"Cookie policy e informativa privacy Addressvitt\",\"breadcrumb\":{\"@id\":\"https:\\\/\\\/www.addressvitt.it\\\/en\\\/cookie-policy\\\/#breadcrumb\"},\"inLanguage\":\"en-US\",\"potentialAction\":[{\"@type\":\"ReadAction\",\"target\":[\"https:\\\/\\\/www.addressvitt.it\\\/en\\\/cookie-policy\\\/\"]}]},{\"@type\":\"BreadcrumbList\",\"@id\":\"https:\\\/\\\/www.addressvitt.it\\\/en\\\/cookie-policy\\\/#breadcrumb\",\"itemListElement\":[{\"@type\":\"ListItem\",\"position\":1,\"name\":\"Home\",\"item\":\"https:\\\/\\\/www.addressvitt.it\\\/en\\\/\"},{\"@type\":\"ListItem\",\"position\":2,\"name\":\"Cookie Policy\"}]},{\"@type\":\"WebSite\",\"@id\":\"https:\\\/\\\/www.addressvitt.it\\\/en\\\/#website\",\"url\":\"https:\\\/\\\/www.addressvitt.it\\\/en\\\/\",\"name\":\"Addressvitt\",\"description\":\"Indirizzi Aziende e Privati per Servizi di Direct Marketing\",\"publisher\":{\"@id\":\"https:\\\/\\\/www.addressvitt.it\\\/en\\\/#organization\"},\"potentialAction\":[{\"@type\":\"SearchAction\",\"target\":{\"@type\":\"EntryPoint\",\"urlTemplate\":\"https:\\\/\\\/www.addressvitt.it\\\/en\\\/?s={search_term_string}\"},\"query-input\":{\"@type\":\"PropertyValueSpecification\",\"valueRequired\":true,\"valueName\":\"search_term_string\"}}],\"inLanguage\":\"en-US\"},{\"@type\":\"Organization\",\"@id\":\"https:\\\/\\\/www.addressvitt.it\\\/en\\\/#organization\",\"name\":\"Addressvitt\",\"url\":\"https:\\\/\\\/www.addressvitt.it\\\/en\\\/\",\"logo\":{\"@type\":\"ImageObject\",\"inLanguage\":\"en-US\",\"@id\":\"https:\\\/\\\/www.addressvitt.it\\\/en\\\/#\\\/schema\\\/logo\\\/image\\\/\",\"url\":\"https:\\\/\\\/www.addressvitt.it\\\/wp-content\\\/uploads\\\/2018\\\/03\\\/logo-1.png\",\"contentUrl\":\"https:\\\/\\\/www.addressvitt.it\\\/wp-content\\\/uploads\\\/2018\\\/03\\\/logo-1.png\",\"width\":221,\"height\":22,\"caption\":\"Addressvitt\"},\"image\":{\"@id\":\"https:\\\/\\\/www.addressvitt.it\\\/en\\\/#\\\/schema\\\/logo\\\/image\\\/\"}}]}<\/script>\n<!-- \/ Yoast SEO plugin. -->","yoast_head_json":{"title":"Cookie Policy - Addressvitt","description":"Cookie policy e informativa privacy Addressvitt","robots":{"index":"index","follow":"follow","max-snippet":"max-snippet:-1","max-image-preview":"max-image-preview:large","max-video-preview":"max-video-preview:-1"},"canonical":"https:\/\/www.addressvitt.it\/en\/cookie-policy\/","og_locale":"en_US","og_type":"article","og_title":"Cookie Policy - Addressvitt","og_description":"Cookie policy e informativa privacy Addressvitt","og_url":"https:\/\/www.addressvitt.it\/en\/cookie-policy\/","og_site_name":"Addressvitt","article_modified_time":"2025-04-23T21:08:56+00:00","twitter_card":"summary_large_image","twitter_misc":{"Est. reading time":"7 minutes"},"schema":{"@context":"https:\/\/schema.org","@graph":[{"@type":"WebPage","@id":"https:\/\/www.addressvitt.it\/en\/cookie-policy\/","url":"https:\/\/www.addressvitt.it\/en\/cookie-policy\/","name":"Cookie Policy - Addressvitt","isPartOf":{"@id":"https:\/\/www.addressvitt.it\/en\/#website"},"datePublished":"2018-04-23T16:46:22+00:00","dateModified":"2025-04-23T21:08:56+00:00","description":"Cookie policy e informativa privacy Addressvitt","breadcrumb":{"@id":"https:\/\/www.addressvitt.it\/en\/cookie-policy\/#breadcrumb"},"inLanguage":"en-US","potentialAction":[{"@type":"ReadAction","target":["https:\/\/www.addressvitt.it\/en\/cookie-policy\/"]}]},{"@type":"BreadcrumbList","@id":"https:\/\/www.addressvitt.it\/en\/cookie-policy\/#breadcrumb","itemListElement":[{"@type":"ListItem","position":1,"name":"Home","item":"https:\/\/www.addressvitt.it\/en\/"},{"@type":"ListItem","position":2,"name":"Cookie Policy"}]},{"@type":"WebSite","@id":"https:\/\/www.addressvitt.it\/en\/#website","url":"https:\/\/www.addressvitt.it\/en\/","name":"Addressvitt","description":"Indirizzi Aziende e Privati per Servizi di Direct Marketing","publisher":{"@id":"https:\/\/www.addressvitt.it\/en\/#organization"},"potentialAction":[{"@type":"SearchAction","target":{"@type":"EntryPoint","urlTemplate":"https:\/\/www.addressvitt.it\/en\/?s={search_term_string}"},"query-input":{"@type":"PropertyValueSpecification","valueRequired":true,"valueName":"search_term_string"}}],"inLanguage":"en-US"},{"@type":"Organization","@id":"https:\/\/www.addressvitt.it\/en\/#organization","name":"Addressvitt","url":"https:\/\/www.addressvitt.it\/en\/","logo":{"@type":"ImageObject","inLanguage":"en-US","@id":"https:\/\/www.addressvitt.it\/en\/#\/schema\/logo\/image\/","url":"https:\/\/www.addressvitt.it\/wp-content\/uploads\/2018\/03\/logo-1.png","contentUrl":"https:\/\/www.addressvitt.it\/wp-content\/uploads\/2018\/03\/logo-1.png","width":221,"height":22,"caption":"Addressvitt"},"image":{"@id":"https:\/\/www.addressvitt.it\/en\/#\/schema\/logo\/image\/"}}]}},"_links":{"self":[{"href":"https:\/\/www.addressvitt.it\/en\/wp-json\/wp\/v2\/pages\/1217","targetHints":{"allow":["GET"]}}],"collection":[{"href":"https:\/\/www.addressvitt.it\/en\/wp-json\/wp\/v2\/pages"}],"about":[{"href":"https:\/\/www.addressvitt.it\/en\/wp-json\/wp\/v2\/types\/page"}],"author":[{"embeddable":true,"href":"https:\/\/www.addressvitt.it\/en\/wp-json\/wp\/v2\/users\/10"}],"replies":[{"embeddable":true,"href":"https:\/\/www.addressvitt.it\/en\/wp-json\/wp\/v2\/comments?post=1217"}],"version-history":[{"count":4,"href":"https:\/\/www.addressvitt.it\/en\/wp-json\/wp\/v2\/pages\/1217\/revisions"}],"predecessor-version":[{"id":2237,"href":"https:\/\/www.addressvitt.it\/en\/wp-json\/wp\/v2\/pages\/1217\/revisions\/2237"}],"wp:attachment":[{"href":"https:\/\/www.addressvitt.it\/en\/wp-json\/wp\/v2\/media?parent=1217"}],"curies":[{"name":"wp","href":"https:\/\/api.w.org\/{rel}","templated":true}]}}