{"id":1207,"date":"2018-04-23T18:45:44","date_gmt":"2018-04-23T16:45:44","guid":{"rendered":"http:\/\/www.addressvitt.it\/avviso-agli-operatori-economici\/"},"modified":"2020-05-13T15:03:41","modified_gmt":"2020-05-13T13:03:41","slug":"avviso-agli-operatori-economici","status":"publish","type":"page","link":"https:\/\/www.addressvitt.it\/en\/avviso-agli-operatori-economici\/","title":{"rendered":"Avviso agli operatori economici"},"content":{"rendered":"<p style=\"margin-bottom: 40px;\"><strong>DATABASE BUSINESS TO BUSINESS &gt; Avviso agli operatori economici<\/strong><\/p>\n<p><strong>Informativa sul trattamento dei dati personali<\/strong><br \/>\nAi sensi dell\u2019art. 14 del Regolamento UE 2016\/679 (in seguito \u201cGDPR\u201d) Addressvitt S.r.l. (in seguito la \u201cSociet\u00e0\u201d o \u201cAddressvitt\u201d) fornisce le seguenti informazioni in relazione al trattamento dei dati degli operatori economici, presenti all\u2019interno del proprio database Business to Business.<\/p>\n<p><strong>Titolare del trattamento e Responsabile della protezione dei dati (\u201cDPO\u201d)<\/strong><br \/>\nTitolare del trattamento, e cio\u00e8 il soggetto che determina le finalit\u00e0 e i mezzi del trattamento dei dati personali, al quale ci si pu\u00f2 rivolgere per esercitare i diritti riconosciuti dal GDPR, \u00e8 Addressvitt S.r.l., con sede legale in Via Palladio, n. 12 \u2013 20135 Milano, e con sede operativa in Via Riccardo Lombardi, n. 19\/16 \u2013 20153 Milano.<br \/>\nIl Titolare del trattamento pu\u00f2 essere contattato inoltrando una e-mail all\u2019indirizzo <a href=\"mailto:info@addressvitt.com\"><span style=\"color: #ff9900;\">info@addressvitt.com<\/span><\/a>.<br \/>\nLa Societ\u00e0 ha designato un Responsabile della Protezione dei Dati (DPO) contattabile all\u2019indirizzo e-mail<a href=\"mailto:dpo@addressvitt.com\"> <span style=\"color: #ff9900;\">dpo@addressvitt.com<\/span><\/a>.<\/p>\n<p><strong>Fonti, categorie e modalit\u00e0 di trattamento dei dati<\/strong><br \/>\nI dati personali trattati sono dati identificativi e di contatto (ad esempio: ragione sociale, indirizzo postale, numero di telefono) che fanno riferimento esclusivamente ad operatori economici e professionali. Non sono trattati dati appartenenti a categorie particolari o relativi a condanne penali e reati di cui all\u2019articolo 9 e 10 del GDPR.<br \/>\nI dati possono essere di volta in volta estratti da registri, archivi, atti, documenti pubblici conoscibili da chiunque o comunque generalmente accessibili \u2013 ad esempio, elenchi categorici, siti internet nonch\u00e9 mezzi di informazione \u2013 ovvero possono essere acquisiti da societ\u00e0 terze specializzate che, in veste di distinti autonomi titolari, cedono tali dati a titolo oneroso, e che hanno rilasciato le necessarie garanzie circa la liceit\u00e0 delle fonti e delle modalit\u00e0 di raccolta. Per ottenere un elenco completo ed aggiornato delle Societ\u00e0 che mettono a disposizione tali dati \u00e8 possibile inoltrare una comunicazione a mezzo e-mail all\u2019indirizzo info@addressvitt.com, avendo cura di specificare il motivo della richiesta.<br \/>\nI dati sono trattati con modalit\u00e0 prevalentemente elettroniche, secondo criteri di selezione ed elaborazione atti alla creazione di categorie merceologiche o professionali omogenee, ai fini della pubblicazione degli elenchi \u201ccategorici\u201d della Societ\u00e0. Tale trattamento avviene nel rispetto di idonee misure di sicurezza, tecniche ed organizzative.<\/p>\n<p><strong>Finalit\u00e0 e base giuridica del trattamento<\/strong><br \/>\nI dati sono registrati all\u2019interno di archivi elettronici gestiti da Addressvitt e possono essere ceduti a terzi, clienti di Addressvitt (ad esempio, persone fisiche, persone giuridiche, enti, associazioni, pubblica amministrazione o altri organismi) che ne chiedano la fornitura per utilizzarli a fini di comunicazione interpersonale e professionale, per l\u2019invio di materiale pubblicitario e di informazioni commerciali, o per il compimento di ricerche di mercato, analisi statistiche e attivit\u00e0 di marketing diretto.<br \/>\nI dati non sono oggetto di diffusione e non sono utilizzati da Addressvitt e dai relativi clienti per l\u2019invio di comunicazioni tramite sistemi automatizzati di chiamata, e-mail, fax, SMS e MMS (per i quali &#8211; come prescritto dall\u2019art. 130, commi 1 e 2 del D.Lgs 196\/2003, aggiornato dal D.Lgs 101\/2018 &#8211; occorre chiedere il preventivo e specifico consenso dell\u2019interessato).<br \/>\nI dati sono trattati dalla Societ\u00e0 sulla base del principio di legittimo interesse (base giuridica: art. 6 (1) (f) del GDPR) previo svolgimento di specifica valutazione di bilanciamento con i diritti e le libert\u00e0 fondamentali degli interessati. Il legittimo interesse \u00e8 rappresentato dalla possibilit\u00e0 di fornire i dati ai propri clienti che ne richiedano la fornitura e consentire a questi di svolgere le attivit\u00e0 sopra specificate.<\/p>\n<p><strong>Eventuali destinatari o categorie di destinatari dei dati personali e trasferimento di dati personali in un Paese terzo o fuori dallo Spazio Economico Europeo (SEE)<\/strong><br \/>\nI dati possono essere comunicati, anche con strumenti telematici, ai clienti di Addressvitt che, divenendo a tutti gli effetti Titolari del trattamento dei dati acquisiti, sono tenuti a fornire l\u2019informativa ex art. 13 e 14 del GDPR.<br \/>\nQualora si rendesse necessario trasferire i dati verso un paese terzo sito al di fuori dallo Spazio Economico Europeo, Addressvitt garantisce che tale trasferimento avverr\u00e0 esclusivamente in presenza di una decisione di adeguatezza della Commissione Europea o di altre garanzie adeguate previste dalle Leggi in materia di protezione dei dati personali (ad esempio, la stipula di clausole contrattuali standard con il soggetto che ricever\u00e0 i dati).<\/p>\n<p><strong>Accesso ai dati e periodo di conservazione<\/strong><br \/>\nAi dati potranno accedere esclusivamente soggetti autorizzati debitamente istruiti, anche con riguardo al rispetto delle misure di sicurezza e degli obblighi di riservatezza: a titolo esemplificativo, personale dipendente che si occupa della gestione degli aspetti amministrativi, commerciali ed informatici.<br \/>\nI dati personali saranno trattati e conservati nel pieno rispetto dei principi di necessit\u00e0, minimizzazione dei dati e limitazione del periodo di conservazione, mediante l\u2019adozione di misure tecniche ed organizzative adeguate al livello di rischio dei trattamenti e per un arco di tempo non superiore al conseguimento delle finalit\u00e0 per le quali sono trattati, comunque per il periodo previsto dalla legge.<br \/>\nGli operatori economici interessati possono ottenere informazioni maggiori relative ai criteri utilizzati per determinare il periodo di conservazione dei dati seguendo le indicazioni presenti nella successiva sezione dedicata ai diritti dell\u2019interessato.<\/p>\n<p><strong>Diritti dell\u2019interessato<\/strong><br \/>\nOgni operatore interessato potr\u00e0 ottenere l&#8217;accesso alle seguenti informazioni: le finalit\u00e0 del trattamento, le categorie di dati personali trattati, i destinatari o le categorie di destinatari a cui i dati personali sono stati o saranno comunicati, il periodo di conservazione dei dati personali previsto oppure, se non \u00e8 possibile, i criteri utilizzati per determinare tale periodo, l\u2019origine dei dati personali. Potr\u00e0, inoltre, esercitare i diritti di accesso ai dati personali, di rettifica, di cancellazione degli stessi, di limitazione del trattamento o di opposizione, rivolgendosi al Titolare del trattamento all\u2019indirizzo email info@addressvitt.it oppure al DPO all\u2019indirizzo dpo@addressvitt.it.<br \/>\nQualora gli interessati ritenessero che i trattamenti effettuati da Addressvitt possano aver violato le norme del Regolamento europeo in materia di protezione dei dati personali, hanno diritto di presentare reclamo all\u2019Autorit\u00e0 Garante per la protezione dei dati personali ai sensi dell\u2019art. 77 del GDPR.<\/p>\n","protected":false},"excerpt":{"rendered":"<p>DATABASE BUSINESS TO BUSINESS &gt; Avviso agli operatori economici Informativa sul trattamento dei dati personali Ai sensi dell\u2019art. 14 del<\/p>\n","protected":false},"author":10,"featured_media":0,"parent":0,"menu_order":0,"comment_status":"closed","ping_status":"closed","template":"template-page-static.php","meta":{"_acf_changed":false,"footnotes":""},"class_list":["post-1207","page","type-page","status-publish","hentry"],"acf":[],"yoast_head":"<!-- This site is optimized with the Yoast SEO plugin v27.5 - https:\/\/yoast.com\/product\/yoast-seo-wordpress\/ -->\n<title>Avviso agli operatori economici - Addressvitt<\/title>\n<meta name=\"description\" content=\"Informativa Addressvitt sull&#039;uso dei dati e delle informazioni degli operatori economici\" \/>\n<meta name=\"robots\" content=\"index, follow, max-snippet:-1, max-image-preview:large, max-video-preview:-1\" \/>\n<link rel=\"canonical\" href=\"https:\/\/www.addressvitt.it\/en\/avviso-agli-operatori-economici\/\" \/>\n<meta property=\"og:locale\" content=\"en_US\" \/>\n<meta property=\"og:type\" content=\"article\" \/>\n<meta property=\"og:title\" content=\"Avviso agli operatori economici - Addressvitt\" \/>\n<meta property=\"og:description\" content=\"Informativa Addressvitt sull&#039;uso dei dati e delle informazioni degli operatori economici\" \/>\n<meta property=\"og:url\" content=\"https:\/\/www.addressvitt.it\/en\/avviso-agli-operatori-economici\/\" \/>\n<meta property=\"og:site_name\" content=\"Addressvitt\" \/>\n<meta property=\"article:modified_time\" content=\"2020-05-13T13:03:41+00:00\" \/>\n<meta name=\"twitter:card\" content=\"summary_large_image\" \/>\n<meta name=\"twitter:label1\" content=\"Est. reading time\" \/>\n\t<meta name=\"twitter:data1\" content=\"5 minutes\" \/>\n<script type=\"application\/ld+json\" class=\"yoast-schema-graph\">{\"@context\":\"https:\\\/\\\/schema.org\",\"@graph\":[{\"@type\":\"WebPage\",\"@id\":\"https:\\\/\\\/www.addressvitt.it\\\/en\\\/avviso-agli-operatori-economici\\\/\",\"url\":\"https:\\\/\\\/www.addressvitt.it\\\/en\\\/avviso-agli-operatori-economici\\\/\",\"name\":\"Avviso agli operatori economici - Addressvitt\",\"isPartOf\":{\"@id\":\"https:\\\/\\\/www.addressvitt.it\\\/en\\\/#website\"},\"datePublished\":\"2018-04-23T16:45:44+00:00\",\"dateModified\":\"2020-05-13T13:03:41+00:00\",\"description\":\"Informativa Addressvitt sull'uso dei dati e delle informazioni degli operatori economici\",\"breadcrumb\":{\"@id\":\"https:\\\/\\\/www.addressvitt.it\\\/en\\\/avviso-agli-operatori-economici\\\/#breadcrumb\"},\"inLanguage\":\"en-US\",\"potentialAction\":[{\"@type\":\"ReadAction\",\"target\":[\"https:\\\/\\\/www.addressvitt.it\\\/en\\\/avviso-agli-operatori-economici\\\/\"]}]},{\"@type\":\"BreadcrumbList\",\"@id\":\"https:\\\/\\\/www.addressvitt.it\\\/en\\\/avviso-agli-operatori-economici\\\/#breadcrumb\",\"itemListElement\":[{\"@type\":\"ListItem\",\"position\":1,\"name\":\"Home\",\"item\":\"https:\\\/\\\/www.addressvitt.it\\\/en\\\/\"},{\"@type\":\"ListItem\",\"position\":2,\"name\":\"Avviso agli operatori economici\"}]},{\"@type\":\"WebSite\",\"@id\":\"https:\\\/\\\/www.addressvitt.it\\\/en\\\/#website\",\"url\":\"https:\\\/\\\/www.addressvitt.it\\\/en\\\/\",\"name\":\"Addressvitt\",\"description\":\"Indirizzi Aziende e Privati per Servizi di Direct Marketing\",\"publisher\":{\"@id\":\"https:\\\/\\\/www.addressvitt.it\\\/en\\\/#organization\"},\"potentialAction\":[{\"@type\":\"SearchAction\",\"target\":{\"@type\":\"EntryPoint\",\"urlTemplate\":\"https:\\\/\\\/www.addressvitt.it\\\/en\\\/?s={search_term_string}\"},\"query-input\":{\"@type\":\"PropertyValueSpecification\",\"valueRequired\":true,\"valueName\":\"search_term_string\"}}],\"inLanguage\":\"en-US\"},{\"@type\":\"Organization\",\"@id\":\"https:\\\/\\\/www.addressvitt.it\\\/en\\\/#organization\",\"name\":\"Addressvitt\",\"url\":\"https:\\\/\\\/www.addressvitt.it\\\/en\\\/\",\"logo\":{\"@type\":\"ImageObject\",\"inLanguage\":\"en-US\",\"@id\":\"https:\\\/\\\/www.addressvitt.it\\\/en\\\/#\\\/schema\\\/logo\\\/image\\\/\",\"url\":\"https:\\\/\\\/www.addressvitt.it\\\/wp-content\\\/uploads\\\/2018\\\/03\\\/logo-1.png\",\"contentUrl\":\"https:\\\/\\\/www.addressvitt.it\\\/wp-content\\\/uploads\\\/2018\\\/03\\\/logo-1.png\",\"width\":221,\"height\":22,\"caption\":\"Addressvitt\"},\"image\":{\"@id\":\"https:\\\/\\\/www.addressvitt.it\\\/en\\\/#\\\/schema\\\/logo\\\/image\\\/\"}}]}<\/script>\n<!-- \/ Yoast SEO plugin. -->","yoast_head_json":{"title":"Avviso agli operatori economici - Addressvitt","description":"Informativa Addressvitt sull'uso dei dati e delle informazioni degli operatori economici","robots":{"index":"index","follow":"follow","max-snippet":"max-snippet:-1","max-image-preview":"max-image-preview:large","max-video-preview":"max-video-preview:-1"},"canonical":"https:\/\/www.addressvitt.it\/en\/avviso-agli-operatori-economici\/","og_locale":"en_US","og_type":"article","og_title":"Avviso agli operatori economici - Addressvitt","og_description":"Informativa Addressvitt sull'uso dei dati e delle informazioni degli operatori economici","og_url":"https:\/\/www.addressvitt.it\/en\/avviso-agli-operatori-economici\/","og_site_name":"Addressvitt","article_modified_time":"2020-05-13T13:03:41+00:00","twitter_card":"summary_large_image","twitter_misc":{"Est. reading time":"5 minutes"},"schema":{"@context":"https:\/\/schema.org","@graph":[{"@type":"WebPage","@id":"https:\/\/www.addressvitt.it\/en\/avviso-agli-operatori-economici\/","url":"https:\/\/www.addressvitt.it\/en\/avviso-agli-operatori-economici\/","name":"Avviso agli operatori economici - Addressvitt","isPartOf":{"@id":"https:\/\/www.addressvitt.it\/en\/#website"},"datePublished":"2018-04-23T16:45:44+00:00","dateModified":"2020-05-13T13:03:41+00:00","description":"Informativa Addressvitt sull'uso dei dati e delle informazioni degli operatori economici","breadcrumb":{"@id":"https:\/\/www.addressvitt.it\/en\/avviso-agli-operatori-economici\/#breadcrumb"},"inLanguage":"en-US","potentialAction":[{"@type":"ReadAction","target":["https:\/\/www.addressvitt.it\/en\/avviso-agli-operatori-economici\/"]}]},{"@type":"BreadcrumbList","@id":"https:\/\/www.addressvitt.it\/en\/avviso-agli-operatori-economici\/#breadcrumb","itemListElement":[{"@type":"ListItem","position":1,"name":"Home","item":"https:\/\/www.addressvitt.it\/en\/"},{"@type":"ListItem","position":2,"name":"Avviso agli operatori economici"}]},{"@type":"WebSite","@id":"https:\/\/www.addressvitt.it\/en\/#website","url":"https:\/\/www.addressvitt.it\/en\/","name":"Addressvitt","description":"Indirizzi Aziende e Privati per Servizi di Direct Marketing","publisher":{"@id":"https:\/\/www.addressvitt.it\/en\/#organization"},"potentialAction":[{"@type":"SearchAction","target":{"@type":"EntryPoint","urlTemplate":"https:\/\/www.addressvitt.it\/en\/?s={search_term_string}"},"query-input":{"@type":"PropertyValueSpecification","valueRequired":true,"valueName":"search_term_string"}}],"inLanguage":"en-US"},{"@type":"Organization","@id":"https:\/\/www.addressvitt.it\/en\/#organization","name":"Addressvitt","url":"https:\/\/www.addressvitt.it\/en\/","logo":{"@type":"ImageObject","inLanguage":"en-US","@id":"https:\/\/www.addressvitt.it\/en\/#\/schema\/logo\/image\/","url":"https:\/\/www.addressvitt.it\/wp-content\/uploads\/2018\/03\/logo-1.png","contentUrl":"https:\/\/www.addressvitt.it\/wp-content\/uploads\/2018\/03\/logo-1.png","width":221,"height":22,"caption":"Addressvitt"},"image":{"@id":"https:\/\/www.addressvitt.it\/en\/#\/schema\/logo\/image\/"}}]}},"_links":{"self":[{"href":"https:\/\/www.addressvitt.it\/en\/wp-json\/wp\/v2\/pages\/1207","targetHints":{"allow":["GET"]}}],"collection":[{"href":"https:\/\/www.addressvitt.it\/en\/wp-json\/wp\/v2\/pages"}],"about":[{"href":"https:\/\/www.addressvitt.it\/en\/wp-json\/wp\/v2\/types\/page"}],"author":[{"embeddable":true,"href":"https:\/\/www.addressvitt.it\/en\/wp-json\/wp\/v2\/users\/10"}],"replies":[{"embeddable":true,"href":"https:\/\/www.addressvitt.it\/en\/wp-json\/wp\/v2\/comments?post=1207"}],"version-history":[{"count":4,"href":"https:\/\/www.addressvitt.it\/en\/wp-json\/wp\/v2\/pages\/1207\/revisions"}],"predecessor-version":[{"id":1887,"href":"https:\/\/www.addressvitt.it\/en\/wp-json\/wp\/v2\/pages\/1207\/revisions\/1887"}],"wp:attachment":[{"href":"https:\/\/www.addressvitt.it\/en\/wp-json\/wp\/v2\/media?parent=1207"}],"curies":[{"name":"wp","href":"https:\/\/api.w.org\/{rel}","templated":true}]}}